{"id":709,"date":"2016-05-10T09:55:45","date_gmt":"2016-05-10T09:55:45","guid":{"rendered":"http:\/\/splash.stylemixthemes.com\/?page_id=709"},"modified":"2023-03-02T17:52:13","modified_gmt":"2023-03-02T16:52:13","slug":"contacts","status":"publish","type":"page","link":"https:\/\/www.jscbasketball.com\/index.php\/contacts\/","title":{"rendered":"CONTACT"},"content":{"rendered":"<p>[vc_row css=\u00a0\u00bb.vc_custom_1462881653084{margin-bottom: 90px !important;}\u00a0\u00bb][vc_column width=\u00a0\u00bb2\/3&Prime;][vc_column_text css=\u00a0\u00bb.vc_custom_1677775866479{margin-bottom: 45px !important;}\u00a0\u00bb]<\/p>\n<h5 style=\"letter-spacing: 0.8px; margin-bottom: 30px;\">LA JSC BASKET RESTE \u00c0 VOTRE \u00c9COUTE<\/h5>\n<p style=\"line-height: 20px;\">La JSC Basket est une association o\u00f9 les b\u00e9n\u00e9voles donnent en priorit\u00e9 du temps aux joueuses et joueurs, aux \u00e9quipes d&rsquo;encadrement, aux accompagnateurs et supporters. Aussi, les d\u00e9lais de r\u00e9ponse aux questions pos\u00e9es sur le site internet peuvent \u00eatre parfois al\u00e9atoires mais nous sommes certains de votre compr\u00e9hension \ud83d\ude09<\/p>\n<p style=\"line-height: 20px;\">Nous vous invitons \u00e0 venir \u00e0 notre rencontre les jours de matchs et \u00e0 <strong>consulter la F.A.Q<\/strong>. de ce site o\u00f9 vous trouverez peut-\u00eatre des \u00e9l\u00e9ments de r\u00e9ponse \u00e0 votre demande.<\/p>\n<p>[\/vc_column_text][\/vc_column][vc_column width=\u00a0\u00bb1\/3&Prime;][vc_row_inner][vc_column_inner][vc_column_text css=\u00a0\u00bb.vc_custom_1677775602244{margin-bottom: 30px !important;}\u00a0\u00bb]<\/p>\n<h4 style=\"letter-spacing: 1.2px;\">ENVOYER UN MESSAGE AU CLUB<\/h4>\n<p>[\/vc_column_text][\/vc_column_inner][\/vc_row_inner]\n<div class=\"wpcf7 no-js\" id=\"wpcf7-f89-o1\" lang=\"en-US\" dir=\"ltr\" data-wpcf7-id=\"89\">\n<div class=\"screen-reader-response\"><p role=\"status\" aria-live=\"polite\" aria-atomic=\"true\"><\/p> <ul><\/ul><\/div>\n<form action=\"\/index.php\/wp-json\/wp\/v2\/pages\/709#wpcf7-f89-o1\" method=\"post\" class=\"wpcf7-form init\" aria-label=\"Contact form\" novalidate=\"novalidate\" data-status=\"init\">\n<div style=\"display: none;\">\n<input type=\"hidden\" name=\"_wpcf7\" value=\"89\" \/>\n<input type=\"hidden\" name=\"_wpcf7_version\" value=\"6.0.6\" \/>\n<input type=\"hidden\" name=\"_wpcf7_locale\" value=\"en_US\" \/>\n<input type=\"hidden\" name=\"_wpcf7_unit_tag\" value=\"wpcf7-f89-o1\" \/>\n<input type=\"hidden\" name=\"_wpcf7_container_post\" value=\"0\" \/>\n<input type=\"hidden\" name=\"_wpcf7_posted_data_hash\" value=\"\" \/>\n<\/div>\n<p>Sujet <span class=\"wpcf7-form-control-wrap\" data-name=\"your-subject\"><input size=\"40\" maxlength=\"400\" class=\"wpcf7-form-control wpcf7-text wpcf7-validates-as-required\" aria-required=\"true\" aria-invalid=\"false\" value=\"\" type=\"text\" name=\"your-subject\" \/><\/span>\n<\/p>\n<p>Email <span class=\"wpcf7-form-control-wrap\" data-name=\"your-email\"><input size=\"40\" maxlength=\"400\" class=\"wpcf7-form-control wpcf7-email wpcf7-validates-as-required wpcf7-text wpcf7-validates-as-email\" aria-required=\"true\" aria-invalid=\"false\" value=\"\" type=\"email\" name=\"your-email\" \/><\/span>\n<\/p>\n<p>Message <span class=\"wpcf7-form-control-wrap\" data-name=\"your-message\"><textarea cols=\"40\" rows=\"10\" maxlength=\"2000\" class=\"wpcf7-form-control wpcf7-textarea wpcf7-validates-as-required\" aria-required=\"true\" aria-invalid=\"false\" name=\"your-message\"><\/textarea><\/span>\n<\/p>\n<p><input class=\"wpcf7-form-control wpcf7-submit has-spinner\" type=\"submit\" value=\"ENVOYER\" \/>\n<\/p><div class=\"wpcf7-response-output\" aria-hidden=\"true\"><\/div>\n<\/form>\n<\/div>\n[\/vc_column][\/vc_row][vc_row full_width=\u00a0\u00bbstretch_row_content_no_spaces\u00a0\u00bb][vc_column][stm_gmap map_height=\u00a0\u00bb500px\u00a0\u00bb map_zoom=\u00a0\u00bb18&Prime; lat=\u00a0\u00bb43.5399401&Prime; lng=\u00a0\u00bb1.3526958&Prime;][\/vc_column][\/vc_row]<\/p>\n","protected":false},"excerpt":{"rendered":"<p>[vc_row css=\u00a0\u00bb.vc_custom_1462881653084{margin-bottom: 90px !important;}\u00a0\u00bb][vc_column width=\u00a0\u00bb2\/3&Prime;][vc_column_text css=\u00a0\u00bb.vc_custom_1677775866479{margin-bottom: 45px !important;}\u00a0\u00bb] LA JSC BASKET RESTE \u00c0 VOTRE \u00c9COUTE La JSC Basket est une association o\u00f9 les b\u00e9n\u00e9voles donnent en priorit\u00e9 du temps aux joueuses et joueurs, aux \u00e9quipes d&rsquo;encadrement, aux accompagnateurs et supporters. Aussi, les d\u00e9lais de r\u00e9ponse aux questions pos\u00e9es sur le site internet peuvent \u00eatre parfois&#8230;<\/p>\n","protected":false},"author":1,"featured_media":0,"parent":0,"menu_order":0,"comment_status":"closed","ping_status":"closed","template":"","meta":{"footnotes":""},"class_list":["post-709","page","type-page","status-publish","hentry"],"_links":{"self":[{"href":"https:\/\/www.jscbasketball.com\/index.php\/wp-json\/wp\/v2\/pages\/709","targetHints":{"allow":["GET"]}}],"collection":[{"href":"https:\/\/www.jscbasketball.com\/index.php\/wp-json\/wp\/v2\/pages"}],"about":[{"href":"https:\/\/www.jscbasketball.com\/index.php\/wp-json\/wp\/v2\/types\/page"}],"author":[{"embeddable":true,"href":"https:\/\/www.jscbasketball.com\/index.php\/wp-json\/wp\/v2\/users\/1"}],"replies":[{"embeddable":true,"href":"https:\/\/www.jscbasketball.com\/index.php\/wp-json\/wp\/v2\/comments?post=709"}],"version-history":[{"count":4,"href":"https:\/\/www.jscbasketball.com\/index.php\/wp-json\/wp\/v2\/pages\/709\/revisions"}],"predecessor-version":[{"id":1406,"href":"https:\/\/www.jscbasketball.com\/index.php\/wp-json\/wp\/v2\/pages\/709\/revisions\/1406"}],"wp:attachment":[{"href":"https:\/\/www.jscbasketball.com\/index.php\/wp-json\/wp\/v2\/media?parent=709"}],"curies":[{"name":"wp","href":"https:\/\/api.w.org\/{rel}","templated":true}]}}