{"id":3227,"date":"2024-12-09T15:32:06","date_gmt":"2024-12-09T14:32:06","guid":{"rendered":"https:\/\/www.jscbasketball.com\/?page_id=3227"},"modified":"2024-12-11T13:41:41","modified_gmt":"2024-12-11T12:41:41","slug":"monstriplix","status":"publish","type":"page","link":"https:\/\/www.jscbasketball.com\/index.php\/monstriplix\/","title":{"rendered":"MONSTRIPLIX"},"content":{"rendered":"<p>[vc_row][vc_column][vc_column_text]<\/p>\n<h3>D\u00e9couvrez le nouveau jeu de carte MONSTRIPLIX cr\u00e9\u00e9 par le parent d&rsquo;un de nos licenci\u00e9s.<\/h3>\n<h4>Soutenez-le et n&rsquo;h\u00e9sitez pas \u00e0 consulter son site internet cliquant ici : <a href=\"https:\/\/monstriplix.com\/\">MONSTRIPLIX<\/a><\/h4>\n<h4>Pour toute commande n&rsquo;oubliez pas d&rsquo;utiliser le code partenaire <span class=\"stm-red\">JSCBASKET.<\/span><\/h4>\n<p>[\/vc_column_text][\/vc_column][\/vc_row][vc_row][vc_column][vc_single_image image=\u00a0\u00bb3274&Prime; img_size=\u00a0\u00bbfull\u00a0\u00bb alignment=\u00a0\u00bbcenter\u00a0\u00bb onclick=\u00a0\u00bbcustom_link\u00a0\u00bb link=\u00a0\u00bbhttp:\/\/www.jscbasketball.com\/wp-content\/uploads\/2024\/12\/MONSTRIPLIX.pdf\u00a0\u00bb][\/vc_column][\/vc_row]<\/p>\n","protected":false},"excerpt":{"rendered":"<p>[vc_row][vc_column][vc_column_text] D\u00e9couvrez le nouveau jeu de carte MONSTRIPLIX cr\u00e9\u00e9 par le parent d&rsquo;un de nos licenci\u00e9s. Soutenez-le et n&rsquo;h\u00e9sitez pas \u00e0 consulter son site internet cliquant ici : MONSTRIPLIX Pour toute commande n&rsquo;oubliez pas d&rsquo;utiliser le code partenaire JSCBASKET. [\/vc_column_text][\/vc_column][\/vc_row][vc_row][vc_column][vc_single_image image=\u00a0\u00bb3274&Prime; img_size=\u00a0\u00bbfull\u00a0\u00bb alignment=\u00a0\u00bbcenter\u00a0\u00bb onclick=\u00a0\u00bbcustom_link\u00a0\u00bb link=\u00a0\u00bbhttp:\/\/www.jscbasketball.com\/wp-content\/uploads\/2024\/12\/MONSTRIPLIX.pdf\u00a0\u00bb][\/vc_column][\/vc_row]<\/p>\n","protected":false},"author":2,"featured_media":0,"parent":0,"menu_order":0,"comment_status":"closed","ping_status":"closed","template":"","meta":{"footnotes":""},"class_list":["post-3227","page","type-page","status-publish","hentry"],"_links":{"self":[{"href":"https:\/\/www.jscbasketball.com\/index.php\/wp-json\/wp\/v2\/pages\/3227","targetHints":{"allow":["GET"]}}],"collection":[{"href":"https:\/\/www.jscbasketball.com\/index.php\/wp-json\/wp\/v2\/pages"}],"about":[{"href":"https:\/\/www.jscbasketball.com\/index.php\/wp-json\/wp\/v2\/types\/page"}],"author":[{"embeddable":true,"href":"https:\/\/www.jscbasketball.com\/index.php\/wp-json\/wp\/v2\/users\/2"}],"replies":[{"embeddable":true,"href":"https:\/\/www.jscbasketball.com\/index.php\/wp-json\/wp\/v2\/comments?post=3227"}],"version-history":[{"count":12,"href":"https:\/\/www.jscbasketball.com\/index.php\/wp-json\/wp\/v2\/pages\/3227\/revisions"}],"predecessor-version":[{"id":3276,"href":"https:\/\/www.jscbasketball.com\/index.php\/wp-json\/wp\/v2\/pages\/3227\/revisions\/3276"}],"wp:attachment":[{"href":"https:\/\/www.jscbasketball.com\/index.php\/wp-json\/wp\/v2\/media?parent=3227"}],"curies":[{"name":"wp","href":"https:\/\/api.w.org\/{rel}","templated":true}]}}