{"id":2199,"date":"2024-10-01T13:03:39","date_gmt":"2024-10-01T11:03:39","guid":{"rendered":"https:\/\/www.jscbasketball.com\/?page_id=2199"},"modified":"2025-10-30T19:58:35","modified_gmt":"2025-10-30T18:58:35","slug":"le-conseil-dadministration","status":"publish","type":"page","link":"https:\/\/www.jscbasketball.com\/index.php\/le-conseil-dadministration\/","title":{"rendered":"DIRIGEANTS DU CLUB"},"content":{"rendered":"<p>[vc_row][vc_column][vc_single_image image=\u00a0\u00bb1897&Prime; img_size=\u00a0\u00bblarge\u00a0\u00bb alignment=\u00a0\u00bbcenter\u00a0\u00bb][\/vc_column][\/vc_row][vc_row][vc_column width=\u00a0\u00bb1\/2&Prime;][vc_single_image image=\u00a0\u00bb4214&Prime; img_size=\u00a0\u00bblarge\u00a0\u00bb onclick=\u00a0\u00bbcustom_link\u00a0\u00bb link=\u00a0\u00bbhttp:\/\/www.jscbasketball.com\/wp-content\/uploads\/2025\/10\/Neutral-Beige-Minimalist-Company-Organizational-Chart.png\u00a0\u00bb][\/vc_column][vc_column width=\u00a0\u00bb1\/2&Prime;][vc_single_image image=\u00a0\u00bb4210&Prime; img_size=\u00a0\u00bblarge\u00a0\u00bb onclick=\u00a0\u00bbcustom_link\u00a0\u00bb link=\u00a0\u00bbhttp:\/\/www.jscbasketball.com\/wp-content\/uploads\/2025\/10\/2.png\u00a0\u00bb][\/vc_column][\/vc_row][vc_row][vc_column][vc_column_text]<\/p>\n<h4>Le <strong>Conseil d&rsquo;administration<\/strong> de la JSC Basket est compos\u00e9e :<\/h4>\n<ul>\n<li>D&rsquo;un <strong>Bureau<\/strong>,<\/li>\n<li>De <strong>membres \u00e9lus<\/strong><\/li>\n<\/ul>\n<p>Chacune des instances est compos\u00e9es de b\u00e9n\u00e9voles du club (R\u00e9f\u00e9rents ou responsables de p\u00f4les), qui assurent l&rsquo;ensemble des missions li\u00e9es \u00e0 la gestion, au d\u00e9veloppement et \u00e0 la promotion du club. Ce sont les principaux garants du bon fonctionnement de l&rsquo;association et de la vie du club. Ils veillent \u00e0 ce que tous les licenci\u00e9s (joueurs, entraineurs, b\u00e9n\u00e9voles) \u00e9voluent tout au long d&rsquo;une saison dans un cadre convivial et familial. Des moyens mat\u00e9riels, logistiques et financiers sont mis \u00e0 leur disposition chaque ann\u00e9e afin de s&rsquo;assurer que leur saison se d\u00e9roule dans les meilleurs conditions. C&rsquo;est lors de l&rsquo;Assembl\u00e9e G\u00e9n\u00e9rale que toute l&rsquo;\u00e9quipe dirigeante pr\u00e9sente \u00e0 ses adh\u00e9rents un bilan de l&rsquo;ann\u00e9e \u00e9coul\u00e9e.<\/p>\n<h5>La porte est ouverte \u00e0 tout b\u00e9n\u00e9vole qui souhaite s&rsquo;investir sur un p\u00f4le ou dans une commission. Notre club a besoin de vous.<\/h5>\n<p>[\/vc_column_text][\/vc_column][\/vc_row][vc_row][vc_column width=\u00a0\u00bb1\/2&Prime;][vc_column_text]<\/p>\n<h3>Le Bureau<\/h3>\n<p>[\/vc_column_text][vc_column_text]<span style=\"text-decoration: underline;\">Jean-Luc LACHAUD, <strong>Pr\u00e9sident<\/strong><\/span><\/p>\n<ul>\n<li>Interlocuteur institutionnel du club (F\u00e9d\u00e9ration, Ligue, CD, conseil r\u00e9gional, conseil g\u00e9n\u00e9ral, DRJS, autres clubs, mairie, omnisports\u2026)<\/li>\n<li>Est le garant du bon fonctionnement du club, anime le bureau (pr\u00e9sident(e), secr\u00e9taire g\u00e9n\u00e9ral, tr\u00e9sorier(\u00e8re), secr\u00e9taire adjoint(e)), pr\u00e9side les r\u00e9unions du CA<\/li>\n<li>Lorsque n\u00e9cessaire, peut convoquer un CA extraordinaire et proposer des actions d\u2019am\u00e9lioration<\/li>\n<\/ul>\n<p>[\/vc_column_text][vc_column_text]<span style=\"text-decoration: underline;\">Ga\u00eblle CAPELA, <strong>Secr\u00e9taire g\u00e9n\u00e9rale<\/strong><\/span><\/p>\n<ul>\n<li>R\u00e9alise les convocations, les ordres du jour et les comptes rendus des r\u00e9unions du conseil d\u2019administration du club<\/li>\n<li>G\u00e8re les relations administratives du club \u00e0 la FFBB : affiliation, obligations (charte de l\u2019arbitrage, statut des entra\u00eeneurs) , les dossiers de labellisation, \u2026<\/li>\n<li>G\u00e8re les participations aux championnats, notamment les relations avec les clubs en union ou entente<\/li>\n<li>Convoque l\u2019Assembl\u00e9e G\u00e9n\u00e9rale<\/li>\n<\/ul>\n<p>[\/vc_column_text][vc_column_text]<span style=\"text-decoration: underline;\">Aur\u00e9lie POURNAIN, <strong>Tr\u00e9sori\u00e8re<\/strong><\/span><\/p>\n<ul>\n<li>Assure le suivi des finances du club, propose au CA le budget pr\u00e9visionnel, r\u00e9alise la comptabilit\u00e9<\/li>\n<li>R\u00e9dige les attestations \u00e0 caract\u00e8re financier (attestations fiscales)<\/li>\n<li>Encaisse les paiements de cotisations et de licences, r\u00e9alise les r\u00e8glements de factures et de salaires, le remboursement des frais engag\u00e9s par des membres du club, le r\u00e8glement des indemnit\u00e9s (IK, primes d\u2019entra\u00eeneurs, paiement des arbitres, des amendes, des frais de r\u00e9clamations\u2026)<\/li>\n<\/ul>\n<p>[\/vc_column_text][\/vc_column][vc_column width=\u00a0\u00bb1\/2&Prime;][vc_column_text]<\/p>\n<h3>Les membres \u00e9lus ou \u00ab\u00a0R\u00e9f\u00e9rents de P\u00f4les\u00a0\u00bb<\/h3>\n<p>[\/vc_column_text][vc_column_text]<span style=\"text-decoration: underline;\">Guillaume ESTEBAN, P\u00f4le <strong>Sportif<\/strong><\/span><\/p>\n<ul>\n<li>Assure la mise en \u0153uvre et le suivi du projet sportif du Club<\/li>\n<li>est l&rsquo;interlocuteur privil\u00e9gier aupr\u00e8s des entraineurs<\/li>\n<li>Coordonne les actions des responsables des fili\u00e8res masculines (Jean LOUBET) et f\u00e9minines (Arnaud LEGRAND)<\/li>\n<\/ul>\n<p>[\/vc_column_text][vc_column_text]<span style=\"text-decoration: underline;\">P\u00f4le <strong>Communication<\/strong><\/span><\/p>\n<ul>\n<li>Assure la mise en \u0153uvre et le suivi des publications et diffusions des actualit\u00e9s du Club sur les r\u00e9seaux sociaux, le site web &amp; via les communication internes<\/li>\n<li>Coordonne les actions des b\u00e9n\u00e9voles aidant \u00e0 la cr\u00e9ation d&rsquo;affiches, la gestion des r\u00e9seaux sociaux (Instagram, Facebook) et les communications externes<\/li>\n<\/ul>\n<p>[\/vc_column_text][vc_column_text]<span style=\"text-decoration: underline;\">Fr\u00e9d\u00e9ric ACEITUNO, P\u00f4le <strong>Partenariat<\/strong> , <strong>Equipements<\/strong> &amp; <strong>Mat\u00e9riels<\/strong><\/span><\/p>\n<ul>\n<li>Assure la prospection de m\u00e9c\u00e8ne et le suivi des partenaires du Club<\/li>\n<li>Assure la maintenance logistique des gymnases. Il est le garant des badges d&rsquo;acc\u00e8s aux gymnases, des cl\u00e9s diverses des locaux du Club<\/li>\n<li>Assure la maintenance de la buvette du Club et de la salle des convivialit\u00e9s<\/li>\n<li>Assure les relations et communications avec la mairie pour les diverses sollicitations mat\u00e9rielles et logistiques du Club<\/li>\n<\/ul>\n<p>[\/vc_column_text][vc_column_text]<span style=\"text-decoration: underline;\">Sylvain DELLE-VEDOVE, P\u00f4le <b>OTM <\/b>et <strong>Animation<\/strong><\/span><\/p>\n<ul>\n<li>Assure la maintenance et l&rsquo;entretien de la buvette du Club et de la salle des convivialit\u00e9s<\/li>\n<li>Assure la r\u00e9servation des salles ou des locaux du Club lors d&rsquo;\u00e9v\u00e9nements divers propos\u00e9s ou de sollicitations de la part des licenci\u00e9s (repas d&rsquo;\u00e9quipes, r\u00e9unions entraineurs etc.)<\/li>\n<li>Assure la tenue de la boutique du club<\/li>\n<\/ul>\n<p>[\/vc_column_text][vc_column_text]<span style=\"text-decoration: underline;\">Anne TIREL, P\u00f4le <strong>Mini-Basket<\/strong><\/span><\/p>\n<ul>\n<li>R\u00e9f\u00e9rente de l&rsquo;\u00e9cole de basket : du responsable p\u00e9dagogique et du pr\u00e9sident de la Commission Mini-Basket<\/li>\n<li>Assure la coordination et le bon d\u00e9roulement des \u00e9v\u00e9nements sportifs et extra-sportifs du Mini-Basket<\/li>\n<li>Propose les projets de d\u00e9veloppement du Mini-Basket et assure le suivi du cahier des charges du MiniBasket ainsi que le renouvellement du Label National MB.<\/li>\n<\/ul>\n<p>[\/vc_column_text][\/vc_column][\/vc_row]<\/p>\n","protected":false},"excerpt":{"rendered":"<p>[vc_row][vc_column][vc_single_image image=\u00a0\u00bb1897&Prime; img_size=\u00a0\u00bblarge\u00a0\u00bb alignment=\u00a0\u00bbcenter\u00a0\u00bb][\/vc_column][\/vc_row][vc_row][vc_column width=\u00a0\u00bb1\/2&Prime;][vc_single_image image=\u00a0\u00bb4214&Prime; img_size=\u00a0\u00bblarge\u00a0\u00bb onclick=\u00a0\u00bbcustom_link\u00a0\u00bb link=\u00a0\u00bbhttp:\/\/www.jscbasketball.com\/wp-content\/uploads\/2025\/10\/Neutral-Beige-Minimalist-Company-Organizational-Chart.png\u00a0\u00bb][\/vc_column][vc_column width=\u00a0\u00bb1\/2&Prime;][vc_single_image image=\u00a0\u00bb4210&Prime; img_size=\u00a0\u00bblarge\u00a0\u00bb onclick=\u00a0\u00bbcustom_link\u00a0\u00bb link=\u00a0\u00bbhttp:\/\/www.jscbasketball.com\/wp-content\/uploads\/2025\/10\/2.png\u00a0\u00bb][\/vc_column][\/vc_row][vc_row][vc_column][vc_column_text] Le Conseil d&rsquo;administration de la JSC Basket est compos\u00e9e : D&rsquo;un Bureau, De membres \u00e9lus Chacune des instances est compos\u00e9es de b\u00e9n\u00e9voles du club (R\u00e9f\u00e9rents ou responsables de p\u00f4les), qui assurent l&rsquo;ensemble des missions li\u00e9es \u00e0 la gestion, au d\u00e9veloppement et&#8230;<\/p>\n","protected":false},"author":2,"featured_media":1897,"parent":0,"menu_order":0,"comment_status":"closed","ping_status":"closed","template":"","meta":{"footnotes":""},"class_list":["post-2199","page","type-page","status-publish","has-post-thumbnail","hentry"],"_links":{"self":[{"href":"https:\/\/www.jscbasketball.com\/index.php\/wp-json\/wp\/v2\/pages\/2199","targetHints":{"allow":["GET"]}}],"collection":[{"href":"https:\/\/www.jscbasketball.com\/index.php\/wp-json\/wp\/v2\/pages"}],"about":[{"href":"https:\/\/www.jscbasketball.com\/index.php\/wp-json\/wp\/v2\/types\/page"}],"author":[{"embeddable":true,"href":"https:\/\/www.jscbasketball.com\/index.php\/wp-json\/wp\/v2\/users\/2"}],"replies":[{"embeddable":true,"href":"https:\/\/www.jscbasketball.com\/index.php\/wp-json\/wp\/v2\/comments?post=2199"}],"version-history":[{"count":41,"href":"https:\/\/www.jscbasketball.com\/index.php\/wp-json\/wp\/v2\/pages\/2199\/revisions"}],"predecessor-version":[{"id":4216,"href":"https:\/\/www.jscbasketball.com\/index.php\/wp-json\/wp\/v2\/pages\/2199\/revisions\/4216"}],"wp:featuredmedia":[{"embeddable":true,"href":"https:\/\/www.jscbasketball.com\/index.php\/wp-json\/wp\/v2\/media\/1897"}],"wp:attachment":[{"href":"https:\/\/www.jscbasketball.com\/index.php\/wp-json\/wp\/v2\/media?parent=2199"}],"curies":[{"name":"wp","href":"https:\/\/api.w.org\/{rel}","templated":true}]}}