{"id":1517,"date":"2024-09-24T13:22:47","date_gmt":"2024-09-24T11:22:47","guid":{"rendered":"http:\/\/www.jscbasketball.com\/?page_id=1517"},"modified":"2025-10-09T11:42:52","modified_gmt":"2025-10-09T09:42:52","slug":"les-equipes","status":"publish","type":"page","link":"https:\/\/www.jscbasketball.com\/index.php\/les-equipes\/","title":{"rendered":"MINIBASKET"},"content":{"rendered":"<p>[vc_row][vc_column width=\u00a0\u00bb1\/2&Prime;][vc_column_text]<\/p>\n<h3 style=\"text-align: center;\">MICROBASKET<\/h3>\n<p>&nbsp;<\/p>\n<p><img loading=\"lazy\" decoding=\"async\" class=\"alignnone wp-image-2592 size-large\" src=\"http:\/\/www.jscbasketball.com\/wp-content\/uploads\/2024\/10\/U5-1024x436.png\" alt=\"\" width=\"1024\" height=\"436\" srcset=\"https:\/\/www.jscbasketball.com\/wp-content\/uploads\/2024\/10\/U5-1024x436.png 1024w, https:\/\/www.jscbasketball.com\/wp-content\/uploads\/2024\/10\/U5-300x128.png 300w, https:\/\/www.jscbasketball.com\/wp-content\/uploads\/2024\/10\/U5-768x327.png 768w, https:\/\/www.jscbasketball.com\/wp-content\/uploads\/2024\/10\/U5-128x55.png 128w, https:\/\/www.jscbasketball.com\/wp-content\/uploads\/2024\/10\/U5-32x14.png 32w, https:\/\/www.jscbasketball.com\/wp-content\/uploads\/2024\/10\/U5-98x42.png 98w, https:\/\/www.jscbasketball.com\/wp-content\/uploads\/2024\/10\/U5.png 1202w\" sizes=\"auto, (max-width: 1024px) 100vw, 1024px\" \/><\/p>\n<p>Pratique du basket adapt\u00e9e aux plus petits, elle favorise l&rsquo;\u00e9veil des capacit\u00e9s et comp\u00e9tences psycho et sensori-motrices des plus jeunes. Notre cat\u00e9gorie Micro Basket a obtenu son label en 2024.[\/vc_column_text][\/vc_column][vc_column width=\u00a0\u00bb1\/2&Prime;][vc_column_text]<\/p>\n<h3 style=\"text-align: center;\">MINIBASKET<\/h3>\n<p>&nbsp;<\/p>\n<p><img loading=\"lazy\" decoding=\"async\" class=\"alignnone wp-image-3425 size-large\" src=\"http:\/\/www.jscbasketball.com\/wp-content\/uploads\/2025\/01\/IMG-20250106-WA0000-1024x443.jpg\" alt=\"\" width=\"1024\" height=\"443\" srcset=\"https:\/\/www.jscbasketball.com\/wp-content\/uploads\/2025\/01\/IMG-20250106-WA0000-1024x443.jpg 1024w, https:\/\/www.jscbasketball.com\/wp-content\/uploads\/2025\/01\/IMG-20250106-WA0000-300x130.jpg 300w, https:\/\/www.jscbasketball.com\/wp-content\/uploads\/2025\/01\/IMG-20250106-WA0000-768x332.jpg 768w, https:\/\/www.jscbasketball.com\/wp-content\/uploads\/2025\/01\/IMG-20250106-WA0000-1536x665.jpg 1536w, https:\/\/www.jscbasketball.com\/wp-content\/uploads\/2025\/01\/IMG-20250106-WA0000-128x55.jpg 128w, https:\/\/www.jscbasketball.com\/wp-content\/uploads\/2025\/01\/IMG-20250106-WA0000-32x14.jpg 32w, https:\/\/www.jscbasketball.com\/wp-content\/uploads\/2025\/01\/IMG-20250106-WA0000-98x42.jpg 98w, https:\/\/www.jscbasketball.com\/wp-content\/uploads\/2025\/01\/IMG-20250106-WA0000.jpg 2048w\" sizes=\"auto, (max-width: 1024px) 100vw, 1024px\" \/><\/p>\n<p>Pratique du basket qui initie les jeunes de 6 \u00e0 11 ans \u00e0 la vie sportive en g\u00e9n\u00e9ral, et au basket en particulier. Notre \u00e9cole de basket est labellis\u00e9e depuis 2010. Pour en savoir plus consultez la rubrique \u00ab\u00a0Label National\u00a0\u00bb.[\/vc_column_text][\/vc_column][\/vc_row][vc_row][vc_column width=\u00a0\u00bb1\/2&Prime;][vc_separator][vc_column_text]<\/p>\n<div class=\"wpb_text_column wpb_content_element vc_custom_1717089406649\">\n<div class=\"wpb_wrapper\">\n<div class=\"wpb_text_column wpb_content_element vc_custom_1717089578521\">\n<div class=\"wpb_wrapper\">\n<h4><strong>EQUIPE PEDAGOGIQUE<\/strong><\/h4>\n<\/div>\n<\/div>\n<div class=\"wpb_text_column wpb_content_element vc_custom_1729495373159\">\n<div class=\"wpb_wrapper\">\n<ul>\n<li><strong>Responsable P\u00e9dagogique\u00a0<\/strong>:<\/li>\n<li><b>Entraineurs U5\u00a0<\/b>: Sylvie et Aimen<\/li>\n<li><strong>Entraineurs U7<\/strong> : Aur\u00e9lia, Aimen, Amalia, J\u00e9r\u00e9my et Anne<\/li>\n<li><strong>Entraineurs U9F <\/strong>: Aur\u00e9lia, Eulalie, Aimen, C\u00e9lia et M\u00e9ryl<\/li>\n<li><strong>Entraineurs U9M : <\/strong>Aur\u00e9lia, Aimen, J\u00e9r\u00f4me, Kellya et Lilou<\/li>\n<li><strong>Entraineurs U11F 1<\/strong>: Awa, M\u00e9ryl et Anne<\/li>\n<li><strong>Entraineurs U11F 2<\/strong>: Erwann, Faustine et J\u00e9r\u00e9my<\/li>\n<li><strong>Entraineurs U11M 1<\/strong>: Th\u00e9o, Mohamed et Julie<\/li>\n<li><strong>Entraineurs U11M 2 <\/strong>: Jean-Luc, S\u00e9bastien et Ridgy<\/li>\n<\/ul>\n<\/div>\n<\/div>\n<\/div>\n<\/div>\n<div class=\"wpb_text_column wpb_content_element vc_custom_1679477150823\"><\/div>\n<p>[\/vc_column_text][vc_separator][\/vc_column][vc_column width=\u00a0\u00bb1\/2&Prime;][vc_separator][vc_column_text]<\/p>\n<div class=\"wpb_text_column wpb_content_element vc_custom_1717089406649\">\n<div class=\"wpb_wrapper\">\n<h4>COMMISSION MINIBASKET<\/h4>\n<\/div>\n<\/div>\n<div class=\"wpb_text_column wpb_content_element vc_custom_1729495301481\">\n<div class=\"wpb_wrapper\">\n<ul>\n<li><strong>Pr\u00e9sident <\/strong>: J\u00e9r\u00f4me JANSOU<\/li>\n<li><strong>Secr\u00e9taire\u00a0<\/strong>: Anne TIREL<\/li>\n<li><b>Secr\u00e9taire adjointe <\/b>: Laurie KANE<\/li>\n<li><strong>Tr\u00e9sorier<\/strong> : Patrice COUTURE<\/li>\n<li><strong>Responsable Animation\u00a0<\/strong>: B\u00e9linda LAURENT<\/li>\n<\/ul>\n<\/div>\n<\/div>\n<div class=\"wpb_text_column wpb_content_element vc_custom_1717089578521\">\n<div class=\"wpb_wrapper\"><img loading=\"lazy\" decoding=\"async\" class=\"aligncenter wp-image-2637 size-thumbnail\" src=\"http:\/\/www.jscbasketball.com\/wp-content\/uploads\/2024\/10\/Mascotte-e1729592636219-150x150.png\" alt=\"\" width=\"150\" height=\"150\" srcset=\"https:\/\/www.jscbasketball.com\/wp-content\/uploads\/2024\/10\/Mascotte-e1729592636219-150x150.png 150w, https:\/\/www.jscbasketball.com\/wp-content\/uploads\/2024\/10\/Mascotte-e1729592636219-300x300.png 300w, https:\/\/www.jscbasketball.com\/wp-content\/uploads\/2024\/10\/Mascotte-e1729592636219-200x200.png 200w, https:\/\/www.jscbasketball.com\/wp-content\/uploads\/2024\/10\/Mascotte-e1729592636219-255x255.png 255w, https:\/\/www.jscbasketball.com\/wp-content\/uploads\/2024\/10\/Mascotte-e1729592636219-80x80.png 80w, https:\/\/www.jscbasketball.com\/wp-content\/uploads\/2024\/10\/Mascotte-e1729592636219-452x450.png 452w, https:\/\/www.jscbasketball.com\/wp-content\/uploads\/2024\/10\/Mascotte-e1729592636219-445x445.png 445w, https:\/\/www.jscbasketball.com\/wp-content\/uploads\/2024\/10\/Mascotte-e1729592636219-270x270.png 270w\" sizes=\"auto, (max-width: 150px) 100vw, 150px\" \/><\/div>\n<\/div>\n<p>[\/vc_column_text][\/vc_column][\/vc_row][vc_row][vc_column][vc_column_text]<\/p>\n<h3 style=\"text-align: center;\">LES \u00c9QUIPES<\/h3>\n<p>[\/vc_column_text][\/vc_column][\/vc_row][vc_row][vc_column][vc_media_grid element_width=\u00a0\u00bb3&Prime; grid_id=\u00a0\u00bbvc_gid:1760002256424-c2ff30dc-a6c9-7&Prime; include=\u00a0\u00bb4085,4086,3387,4087,3382,3383,3384,3381&Prime;][\/vc_column][\/vc_row]<\/p>\n","protected":false},"excerpt":{"rendered":"<p>[vc_row][vc_column width=\u00a0\u00bb1\/2&Prime;][vc_column_text] MICROBASKET &nbsp; Pratique du basket adapt\u00e9e aux plus petits, elle favorise l&rsquo;\u00e9veil des capacit\u00e9s et comp\u00e9tences psycho et sensori-motrices des plus jeunes. Notre cat\u00e9gorie Micro Basket a obtenu son label en 2024.[\/vc_column_text][\/vc_column][vc_column width=\u00a0\u00bb1\/2&Prime;][vc_column_text] MINIBASKET &nbsp; Pratique du basket qui initie les jeunes de 6 \u00e0 11 ans \u00e0 la vie sportive en g\u00e9n\u00e9ral,&#8230;<\/p>\n","protected":false},"author":1,"featured_media":0,"parent":0,"menu_order":0,"comment_status":"closed","ping_status":"closed","template":"","meta":{"footnotes":""},"class_list":["post-1517","page","type-page","status-publish","hentry"],"_links":{"self":[{"href":"https:\/\/www.jscbasketball.com\/index.php\/wp-json\/wp\/v2\/pages\/1517","targetHints":{"allow":["GET"]}}],"collection":[{"href":"https:\/\/www.jscbasketball.com\/index.php\/wp-json\/wp\/v2\/pages"}],"about":[{"href":"https:\/\/www.jscbasketball.com\/index.php\/wp-json\/wp\/v2\/types\/page"}],"author":[{"embeddable":true,"href":"https:\/\/www.jscbasketball.com\/index.php\/wp-json\/wp\/v2\/users\/1"}],"replies":[{"embeddable":true,"href":"https:\/\/www.jscbasketball.com\/index.php\/wp-json\/wp\/v2\/comments?post=1517"}],"version-history":[{"count":144,"href":"https:\/\/www.jscbasketball.com\/index.php\/wp-json\/wp\/v2\/pages\/1517\/revisions"}],"predecessor-version":[{"id":4111,"href":"https:\/\/www.jscbasketball.com\/index.php\/wp-json\/wp\/v2\/pages\/1517\/revisions\/4111"}],"wp:attachment":[{"href":"https:\/\/www.jscbasketball.com\/index.php\/wp-json\/wp\/v2\/media?parent=1517"}],"curies":[{"name":"wp","href":"https:\/\/api.w.org\/{rel}","templated":true}]}}