{"id":1460,"date":"2023-03-22T10:46:25","date_gmt":"2023-03-22T09:46:25","guid":{"rendered":"http:\/\/www.jscbasketball.com\/?page_id=1460"},"modified":"2024-05-30T20:05:08","modified_gmt":"2024-05-30T18:05:08","slug":"le-jap-minibasket","status":"publish","type":"page","link":"https:\/\/www.jscbasketball.com\/index.php\/le-jap-minibasket\/","title":{"rendered":"LE JAP"},"content":{"rendered":"<p>[vc_row][vc_column offset=\u00a0\u00bbvc_col-lg-8&Prime;][vc_column_text]je <em><strong>J<\/strong><\/em>oue, j&rsquo;<em><strong>A<\/strong><\/em>rbitre, je <em><strong>P<\/strong><\/em>articipe.<\/p>\n<p>Partie int\u00e9grante de la formation des joueurs, le JAP permet de renforcer les comp\u00e9tences et la compr\u00e9hension des r\u00e8gles.[\/vc_column_text][\/vc_column][vc_column width=\u00a0\u00bb1\/3&Prime; offset=\u00a0\u00bbvc_hidden-md vc_hidden-sm vc_hidden-xs\u00a0\u00bb][vc_single_image image=\u00a0\u00bb1461&Prime; img_size=\u00a0\u00bb\u00a0\u00bb alignment=\u00a0\u00bbcenter\u00a0\u00bb css_animation=\u00a0\u00bbbottom-to-top\u00a0\u00bb css=\u00a0\u00bb.vc_custom_1679478461802{margin-top: -155px !important;}\u00a0\u00bb][\/vc_column][\/vc_row][vc_row full_width=\u00a0\u00bbstretch_row\u00a0\u00bb css=\u00a0\u00bb.vc_custom_1462962554037{margin-bottom: 44px !important;padding-top: 28px !important;padding-bottom: 28px !important;background-color: #f0f0f0 !important;}\u00a0\u00bb][vc_column][vc_column_text css=\u00a0\u00bb.vc_custom_1679478754483{margin-bottom: 0px !important;}\u00a0\u00bb]<\/p>\n<h3 style=\"text-align: center; letter-spacing: 2px;\"><span class=\"stm-red\">JE JOUE<\/span><\/h3>\n<p>[\/vc_column_text][vc_single_image image=\u00a0\u00bb1478&Prime; img_size=\u00a0\u00bbfull\u00a0\u00bb alignment=\u00a0\u00bbcenter\u00a0\u00bb style=\u00a0\u00bbvc_box_rounded\u00a0\u00bb css_animation=\u00a0\u00bbfadeInUp\u00a0\u00bb][vc_column_text css=\u00a0\u00bb.vc_custom_1679478648759{margin-bottom: 40px !important;}\u00a0\u00bb]<\/p>\n<h3>DRIBBLER<\/h3>\n<p>[\/vc_column_text][stm_team_history feature=\u00a0\u00bb%5B%7B%22year%22%3A%22%F0%9F%8F%80%22%2C%22title%22%3A%22Main%20forte%20et%20faible%22%2C%22content%22%3A%22-%22%7D%2C%7B%22year%22%3A%22%F0%9F%8F%80%22%2C%22title%22%3A%22Prot%C3%A9ger%20le%20ballon%20avec%20d%C3%A9fenseur%20%3A%20garder%20le%20contr%C3%B4le%20du%20ballon%20sous%20une%20pression%20d%C3%A9fensive%22%2C%22content%22%3A%22-%22%7D%2C%7B%22year%22%3A%22%F0%9F%8F%80%22%2C%22title%22%3A%22En%20changeant%20de%20main%20pour%20passer%20un%20d%C3%A9fenseur%22%2C%22content%22%3A%22-%22%7D%2C%7B%22year%22%3A%22%F0%9F%8F%80%22%2C%22title%22%3A%22Aller%20tirer%20en%20dribblant%20%3A%20encha%C3%AEner%20dribble%20et%20tir%22%2C%22content%22%3A%22-%22%7D%5D\u00a0\u00bb][vc_column_text css=\u00a0\u00bb.vc_custom_1679478841773{margin-bottom: 40px !important;}\u00a0\u00bb]<\/p>\n<h3>PASSER<\/h3>\n<p>[\/vc_column_text][stm_team_history feature=\u00a0\u00bb%5B%7B%22year%22%3A%22%F0%9F%8F%80%22%2C%22title%22%3A%22%C3%80%20un%20partenaire%20immobile%22%2C%22content%22%3A%22-%22%7D%2C%7B%22year%22%3A%22%F0%9F%8F%80%22%2C%22title%22%3A%22A%20un%20joueur%20seul%20%3A%20passe%20%C3%A0%20un%20partenaire%20qui%20se%20d%C3%A9place%22%2C%22content%22%3A%22-%22%7D%2C%7B%22year%22%3A%22%F0%9F%8F%80%22%2C%22title%22%3A%22Face%20%C3%A0%20un%20d%C3%A9fenseur%20%3A%20passe%20%C3%A0%20un%20partenaire%20malgr%C3%A9%20une%20pression%20d%C3%A9fensive%22%2C%22content%22%3A%22-%22%7D%2C%7B%22year%22%3A%22%F0%9F%8F%80%22%2C%22title%22%3A%22En%20lancer%20de%20contre-attaque%20%C3%A0%20une%20main%20%C3%A0%20un%20joueur%20qui%20se%20d%C3%A9place%22%2C%22content%22%3A%22-%22%7D%5D\u00a0\u00bb][vc_column_text css=\u00a0\u00bb.vc_custom_1679478962698{margin-bottom: 40px !important;}\u00a0\u00bb]<\/p>\n<h3>TIRER<\/h3>\n<p>[\/vc_column_text][stm_team_history feature=\u00a0\u00bb%5B%7B%22year%22%3A%22%F0%9F%8F%80%22%2C%22title%22%3A%22En%20course%20apr%C3%A8s%20dribble%20(main%20forte%20%2F%20main%20faible)%22%2C%22content%22%3A%22-%22%7D%2C%7B%22year%22%3A%22%F0%9F%8F%80%22%2C%22title%22%3A%22En%20course%20apr%C3%A8s%20passe%20(main%20forte%20%2F%20main%20faible)%22%2C%22content%22%3A%22-%22%7D%2C%7B%22year%22%3A%22%F0%9F%8F%80%22%2C%22title%22%3A%22En%20course%20avec%20pression%20d%C3%A9fensive%22%2C%22content%22%3A%22-%22%7D%2C%7B%22year%22%3A%22%F0%9F%8F%80%22%2C%22title%22%3A%22A%20mi-distance%20apr%C3%A8s%20dribble%22%2C%22content%22%3A%22-%22%7D%5D\u00a0\u00bb][vc_column_text css=\u00a0\u00bb.vc_custom_1679479029089{margin-bottom: 40px !important;}\u00a0\u00bb]<\/p>\n<h3>REGARDER<\/h3>\n<p>[\/vc_column_text][stm_team_history feature=\u00a0\u00bb%5B%7B%22year%22%3A%22%F0%9F%8F%80%22%2C%22title%22%3A%22Attaquant%20Porteur%20%3A%20jouer%20le%201c1%20%3A%20fixer%20tirer%20ou%20passer%22%2C%22content%22%3A%22-%22%7D%2C%7B%22year%22%3A%22%F0%9F%8F%80%22%2C%22title%22%3A%22Attaquant%20Non%20porteur%20%3A%20se%20d%C3%A9marquer%2C%20se%20d%C3%A9placer%20pour%20faciliter%20l%E2%80%99action%20du%20porteur%3A%20occuper%20les%20espaces%20libres%2C%20ne%20pas%20rester%20dans%20l%E2%80%99espace%20de%20jeu%20direct%20du%20porteur%22%2C%22content%22%3A%22-%22%7D%2C%7B%22year%22%3A%22%F0%9F%8F%80%22%2C%22title%22%3A%22Attaquant%20%3A%20Sait%20r%C3%A9agir%20rapidement%20au%20changement%20de%20statut%20attaquant%2Fd%C3%A9fenseur%20%3A%20participer%20%C3%A0%20une%20contre-attaque%2C%20au%20repli%20d%C3%A9fensif%22%2C%22content%22%3A%22-%22%7D%2C%7B%22year%22%3A%22%F0%9F%8F%80%22%2C%22title%22%3A%22D%C3%A9fenseur%20%3Asait%20g%C3%AAner%20la%20passe%20sur%20un%20non%20porteur%22%2C%22content%22%3A%22-%22%7D%5D\u00a0\u00bb][\/vc_column][\/vc_row][vc_row full_width=\u00a0\u00bbstretch_row\u00a0\u00bb css=\u00a0\u00bb.vc_custom_1462962554037{margin-bottom: 44px !important;padding-top: 28px !important;padding-bottom: 28px !important;background-color: #f0f0f0 !important;}\u00a0\u00bb][vc_column][vc_column_text css=\u00a0\u00bb.vc_custom_1679479086489{margin-bottom: 0px !important;}\u00a0\u00bb]<\/p>\n<h3 style=\"text-align: center; letter-spacing: 2px;\"><span class=\"stm-red\">J&rsquo;ARBITRE<\/span><\/h3>\n<p>[\/vc_column_text][vc_single_image image=\u00a0\u00bb1481&Prime; img_size=\u00a0\u00bbfull\u00a0\u00bb alignment=\u00a0\u00bbcenter\u00a0\u00bb style=\u00a0\u00bbvc_box_rounded\u00a0\u00bb css_animation=\u00a0\u00bbfadeInUp\u00a0\u00bb][vc_column_text css=\u00a0\u00bb.vc_custom_1679479115915{margin-bottom: 40px !important;}\u00a0\u00bb]<\/p>\n<h3><strong>SIFFLER LES SORTIES<\/strong><\/h3>\n<p>La ligne ne fait pas partie du terrain.<\/p>\n<ul>\n<li>Le ballon est sorti lorsqu\u2019il touche le sol, un joueur, une personne ou un obstacle en dehors des limites du terrain.<\/li>\n<li>Un porteur de balle est sorti lorsqu\u2019il touche le sol SUR ou EN DEHORS des limites du terrain.<\/li>\n<li>Un joueur charg\u00e9 de la remise en jeu ne doit pas marcher dans le terrain avant d\u2019avoir l\u00e2cher le ballon<\/li>\n<\/ul>\n<p>[\/vc_column_text][stm_team_history feature=\u00a0\u00bb%5B%7B%22year%22%3A%22%E2%9C%8A%F0%9F%8F%BC%22%2C%22title%22%3A%22Rep%C3%A9rer%20les%20sorties%20du%20ballon%22%2C%22content%22%3A%22-%22%7D%2C%7B%22year%22%3A%22%E2%9C%8A%F0%9F%8F%BC%22%2C%22title%22%3A%22Rep%C3%A9rer%20les%20sorties%20du%20porteur%20de%20balle%22%2C%22content%22%3A%22-%22%7D%2C%7B%22year%22%3A%22%E2%9C%8A%F0%9F%8F%BC%22%2C%22title%22%3A%22Rep%C3%A9rer%20le%20joueur%20responsable%20de%20la%20sortie%22%2C%22content%22%3A%22-%22%7D%2C%7B%22year%22%3A%22%E2%9C%8A%F0%9F%8F%BC%22%2C%22title%22%3A%22Rep%C3%A9rer%20les%20mauvaises%20remises%20en%20jeu%22%2C%22content%22%3A%22-%22%7D%5D\u00a0\u00bb][vc_column_text css=\u00a0\u00bb.vc_custom_1717092304863{margin-bottom: 40px !important;}\u00a0\u00bb]<\/p>\n<h3><strong>SIFFLER LES MARCHER<\/strong><\/h3>\n<p><em>Le marcher est le d\u00e9placement ill\u00e9gal d\u2019un ou des deux pieds d\u2019un joueur qui tient le ballon<\/em><\/p>\n<p><span style=\"text-decoration: underline;\">Le pivot<\/span> :<\/p>\n<p>Il y a pivot lorsqu\u2019un joueur qui contr\u00f4le un ballon, \u00e0 l\u2019arr\u00eat, d\u00e9place le m\u00eame pied dans n\u2019importe quelle\u00a0direction alors que l\u2019autre pied (<strong>appel\u00e9 pied de pivot<\/strong>)\u00a0reste en contact avec le sol.<\/p>\n<p><span style=\"text-decoration: underline;\">Choix du pied de pivot<\/span> :<\/p>\n<p>Un joueur qui re\u00e7oit le ballon alors qu\u2019il a les 2 pieds au sol a le choix du pied de pivot.<\/p>\n<p>Un joueur qui re\u00e7oit le ballon alors qu\u2019il est en mouvement ou qu\u2019il dribble peut s\u2019arr\u00eater de deux fa\u00e7ons :<\/p>\n<ul>\n<li>arr\u00eat simultan\u00e9 : choix du pied de pivot<\/li>\n<li>arr\u00eat alternatif : <strong>le premier pied pos\u00e9 au sol est le pied de pivot<\/strong><\/li>\n<\/ul>\n<p><span style=\"text-decoration: underline;\">Apr\u00e8s avoir choisi son pied de pivot<\/span> :<\/p>\n<p>pour passer ou tirer, le joueur peut lever son pied de pivot \u00e0 condition qu\u2019il l\u00e2che le ballon avant que son pied de pivot ne retouche le sol.<br \/>\nPour partir en dribble, <strong>il devra l\u00e2cher le ballon avant de lever son pied de pivot.<\/strong><\/p>\n<p><strong>Quand un joueur attrape le ballon ou termine un dribble avec un pied au sol alors qu\u2019il est en d\u00e9placement, le prochain pied (ou les deux pieds simultan\u00e9) qui touchera(ont) le sol sera(seront) compt\u00e9(s) comme le \u00ab\u00a0Pas n\u00b01\u00a0\u00bb et deviendra le pied de pivot.<\/strong>[\/vc_column_text][stm_team_history feature=\u00a0\u00bb%5B%7B%22year%22%3A%22%E2%9C%8A%F0%9F%8F%BC%22%2C%22title%22%3A%22Rep%C3%A9rer%20le%20marcher%20sur%20les%20arr%C3%AAts%22%2C%22content%22%3A%22-%22%7D%2C%7B%22year%22%3A%22%E2%9C%8A%F0%9F%8F%BC%22%2C%22title%22%3A%22Rep%C3%A9rer%20le%20marcher%20sur%20le%20pied%20de%20pivot%22%2C%22content%22%3A%22-%22%7D%2C%7B%22year%22%3A%22%E2%9C%8A%F0%9F%8F%BC%22%2C%22title%22%3A%22Rep%C3%A9rer%20le%20marcher%20sur%20les%20d%C3%A9parts%20en%20dribble%22%2C%22content%22%3A%22-%22%7D%2C%7B%22year%22%3A%22%E2%9C%8A%F0%9F%8F%BC%22%2C%22title%22%3A%22Rep%C3%A9rer%20le%20marcher%20sur%20le%20tir%20en%20course%22%2C%22content%22%3A%22-%22%7D%5D\u00a0\u00bb][vc_column_text css=\u00a0\u00bb.vc_custom_1679479652402{margin-bottom: 40px !important;}\u00a0\u00bb]<\/p>\n<h3><strong>LES DRIBBLES IRREGULIERS<\/strong><\/h3>\n<p>Il n\u2019est pas autoris\u00e9 de :<\/p>\n<ul>\n<li>Toucher le ballon \u00e0 deux mains entre deux dribbles<\/li>\n<li>Porter le ballon (main sous le ballon) entre deux dribbles<\/li>\n<li>Dribbler une seconde fois apr\u00e8s avoir arr\u00eat\u00e9 son dribble (<strong>reprise de dribble<\/strong>).<\/li>\n<\/ul>\n<p><span style=\"text-decoration: underline;\">Attention<\/span> : les pertes accidentelles du ballon avant ou apr\u00e8s un dribble comme les tentatives d\u2019interceptions ne sont pas consid\u00e9r\u00e9es comme des dribbles.[\/vc_column_text][stm_team_history feature=\u00a0\u00bb%5B%7B%22year%22%3A%22%E2%9C%8A%F0%9F%8F%BC%22%2C%22title%22%3A%22Rep%C3%A9rer%20les%20dribbles%20%C3%A0%20deux%20mains%22%2C%22content%22%3A%22-%22%7D%2C%7B%22year%22%3A%22%E2%9C%8A%F0%9F%8F%BC%22%2C%22title%22%3A%22Rep%C3%A9rer%20les%20porters%20de%20balle%22%2C%22content%22%3A%22-%22%7D%2C%7B%22year%22%3A%22%E2%9C%8A%F0%9F%8F%BC%22%2C%22title%22%3A%22Rep%C3%A9rer%20les%20reprises%20de%20dribble%22%2C%22content%22%3A%22-%22%7D%2C%7B%22year%22%3A%22%E2%9C%8A%F0%9F%8F%BC%22%2C%22title%22%3A%22Ne%20pas%20sanctionner%20les%20pertes%20accidentelles%22%2C%22content%22%3A%22-%22%7D%5D\u00a0\u00bb][vc_column_text css=\u00a0\u00bb.vc_custom_1679479833793{margin-bottom: 40px !important;}\u00a0\u00bb]<\/p>\n<h3><strong>SIFFLER LES CONTACTS<\/strong><\/h3>\n<p><span style=\"text-decoration: underline;\">Il est permis de<\/span> :<\/p>\n<ul>\n<li>D\u00e9fendre avec son torse si on ne va pas au contact de l&rsquo;adversaire<\/li>\n<li>Se d\u00e9placer en maintenant sa position de d\u00e9fense avec un contact sur le torse en reculant ou se d\u00e9pla\u00e7ant sur le cot\u00e9.<\/li>\n<\/ul>\n<p><span style=\"text-decoration: underline;\">Il n\u2019est pas autoris\u00e9 de<\/span> :<\/p>\n<ul>\n<li>D\u00e9fendre avec les mains ou l&rsquo;avant bras pos\u00e9 sur l&rsquo;adversaire<\/li>\n<li>Jouer le ballon en cr\u00e9ant un contact avec les bras, les \u00e9paules, les hanches, les cuisses, ou dans le dos de l&rsquo;adversaire<\/li>\n<li>Entrer en contact avec l&rsquo;adversaire en avan\u00e7ant vers lui<\/li>\n<li>Percuter le torse de l&rsquo;adversaire : c&rsquo;est une charge (<strong>passage en force<\/strong>)<\/li>\n<\/ul>\n<p><span style=\"text-decoration: underline;\">R\u00e9paration des fautes<\/span> :<\/p>\n<ul>\n<li>Si le joueur ne tirait pas, il n&rsquo;y a pas de lancers-francs mais une remise en jeu derri\u00e8re la ligne de la touche la plus proche<\/li>\n<li>Si le joueur tirait :\n<ul>\n<li>si le tir est rat\u00e9 : il y a 2 lancers francs<\/li>\n<li>si le tir est r\u00e9ussi : il faut accorder le panier + 1 lancer-franc<\/li>\n<\/ul>\n<\/li>\n<\/ul>\n<p>[\/vc_column_text][stm_team_history feature=\u00a0\u00bb%5B%7B%22year%22%3A%22%E2%9C%8A%F0%9F%8F%BC%22%2C%22title%22%3A%22Rep%C3%A9rer%20les%20contacts%20irr%C3%A9guliers%20sur%20un%20porteur%20de%20balle%22%2C%22content%22%3A%22-%22%7D%2C%7B%22year%22%3A%22%E2%9C%8A%F0%9F%8F%BC%22%2C%22title%22%3A%22Rep%C3%A9rer%20les%20contacts%20irr%C3%A9guliers%20sur%20un%20tireur%22%2C%22content%22%3A%22-%22%7D%2C%7B%22year%22%3A%22%E2%9C%8A%F0%9F%8F%BC%22%2C%22title%22%3A%22Rep%C3%A9rer%20les%20contacts%20irr%C3%A9guliers%20sur%20un%20non-porteur%22%2C%22content%22%3A%22-%22%7D%2C%7B%22year%22%3A%22%E2%9C%8A%F0%9F%8F%BC%22%2C%22title%22%3A%22Rep%C3%A9rer%20les%20contacts%20irr%C3%A9guliers%20des%20attaquants%22%2C%22content%22%3A%22-%22%7D%5D\u00a0\u00bb][\/vc_column][\/vc_row][vc_row full_width=\u00a0\u00bbstretch_row\u00a0\u00bb css=\u00a0\u00bb.vc_custom_1462962554037{margin-bottom: 44px !important;padding-top: 28px !important;padding-bottom: 28px !important;background-color: #f0f0f0 !important;}\u00a0\u00bb][vc_column][vc_column_text css=\u00a0\u00bb.vc_custom_1679480374463{margin-bottom: 0px !important;}\u00a0\u00bb]<\/p>\n<h3 style=\"text-align: center; letter-spacing: 2px;\"><span class=\"stm-red\">JE PARTICIPE<\/span><\/h3>\n<p>[\/vc_column_text][vc_single_image image=\u00a0\u00bb1483&Prime; img_size=\u00a0\u00bbfull\u00a0\u00bb alignment=\u00a0\u00bbcenter\u00a0\u00bb style=\u00a0\u00bbvc_box_rounded\u00a0\u00bb css_animation=\u00a0\u00bbfadeInUp\u00a0\u00bb][vc_column_text css=\u00a0\u00bb.vc_custom_1679480385066{margin-bottom: 40px !important;}\u00a0\u00bb]<\/p>\n<h3><strong>TENIR LA FEUILLE DE MARQUE<\/strong><\/h3>\n<p>[\/vc_column_text][stm_team_history feature=\u00a0\u00bb%5B%7B%22year%22%3A%22%F0%9F%99%8B%F0%9F%8F%BB%E2%80%8D%E2%99%82%EF%B8%8F%22%2C%22title%22%3A%22Compter%20les%20points%20lors%20d%E2%80%99un%20jeu%20%C3%A0%20l%E2%80%99entra%C3%AEnement%20(au%20moins%20deux%20fois)%22%2C%22content%22%3A%22-%22%7D%2C%7B%22year%22%3A%22%F0%9F%99%8B%F0%9F%8F%BB%E2%80%8D%E2%99%82%EF%B8%8F%22%2C%22title%22%3A%22Compter%20les%20points%20(support%20papier)%20lors%20d%E2%80%99un%20match%20%C3%A0%20l%E2%80%99entra%C3%AEnement.%22%2C%22content%22%3A%22-%22%7D%2C%7B%22year%22%3A%22%F0%9F%99%8B%F0%9F%8F%BB%E2%80%8D%E2%99%82%EF%B8%8F%22%2C%22title%22%3A%22Tenir%20une%20feuille%20de%20marque%20lors%20d%E2%80%99une%20rencontre%20avec%20l%E2%80%99aide%20d%E2%80%99un%20adulte%22%2C%22content%22%3A%22-%22%7D%2C%7B%22year%22%3A%22%F0%9F%99%8B%F0%9F%8F%BB%E2%80%8D%E2%99%82%EF%B8%8F%22%2C%22title%22%3A%22Tenir%20une%20feuille%20de%20marque%20lors%20d%E2%80%99une%20rencontre%20sous%20la%20surveillance%20d%E2%80%99un%20adulte%22%2C%22content%22%3A%22-%22%7D%5D\u00a0\u00bb][vc_column_text css=\u00a0\u00bb.vc_custom_1679480676098{margin-bottom: 40px !important;}\u00a0\u00bb]<\/p>\n<h3><strong>CHRONOM\u00c9TRER<\/strong><\/h3>\n<p>[\/vc_column_text][stm_team_history feature=\u00a0\u00bb%5B%7B%22year%22%3A%22%F0%9F%99%8B%F0%9F%8F%BB%E2%80%8D%E2%99%82%EF%B8%8F%22%2C%22title%22%3A%22Chronom%C3%A9trer%20un%20jeu%20%C3%A0%20l%E2%80%99entra%C3%AEnement%20(temps%20non%20d%C3%A9compt%C3%A9)%22%2C%22content%22%3A%22-%22%7D%2C%7B%22year%22%3A%22%F0%9F%99%8B%F0%9F%8F%BB%E2%80%8D%E2%99%82%EF%B8%8F%22%2C%22title%22%3A%22Chronom%C3%A9trer%20un%20match%20%C3%A0%20l%E2%80%99entra%C3%AEnement%20(temps%20d%C3%A9compt%C3%A9)%22%2C%22content%22%3A%22-%22%7D%2C%7B%22year%22%3A%22%F0%9F%99%8B%F0%9F%8F%BB%E2%80%8D%E2%99%82%EF%B8%8F%22%2C%22title%22%3A%22Chronom%C3%A9trer%20lors%20d%E2%80%99une%20rencontre%20avec%20l%E2%80%99aide%20d%E2%80%99un%20adulte%22%2C%22content%22%3A%22-%22%7D%2C%7B%22year%22%3A%22%F0%9F%99%8B%F0%9F%8F%BB%E2%80%8D%E2%99%82%EF%B8%8F%22%2C%22title%22%3A%22Chronom%C3%A9trer%20lors%20d%E2%80%99une%20rencontre%20sous%20la%20surveillance%20d%E2%80%99un%20adulte%22%2C%22content%22%3A%22-%22%7D%5D\u00a0\u00bb][vc_column_text css=\u00a0\u00bb.vc_custom_1679480724429{margin-bottom: 40px !important;}\u00a0\u00bb]<\/p>\n<h3><strong>AIDER A L\u2019ENCADREMENT<\/strong><\/h3>\n<p>[\/vc_column_text][stm_team_history feature=\u00a0\u00bb%5B%7B%22year%22%3A%22%F0%9F%99%8B%F0%9F%8F%BB%E2%80%8D%E2%99%82%EF%B8%8F%22%2C%22title%22%3A%22Installer%2Franger%20le%20mat%C3%A9riel%20pour%20un%20jeu%20selon%20un%20sch%C3%A9ma%20ou%20les%20consignes%20de%20l%E2%80%99entra%C3%AEneur%22%2C%22content%22%3A%22-%22%7D%2C%7B%22year%22%3A%22%F0%9F%99%8B%F0%9F%8F%BB%E2%80%8D%E2%99%82%EF%B8%8F%22%2C%22title%22%3A%22Faire%20respecter%20une%20consigne%20technique%20lors%20d%E2%80%99un%20atelier%20%C3%A0%20l%E2%80%99entra%C3%AEnement%22%2C%22content%22%3A%22-%22%7D%2C%7B%22year%22%3A%22%F0%9F%99%8B%F0%9F%8F%BB%E2%80%8D%E2%99%82%EF%B8%8F%22%2C%22title%22%3A%22Installer%20et%20ranger%20du%20mat%C3%A9riel%20sur%20un%20jeu%20lors%20d%E2%80%99un%20plateau%22%2C%22content%22%3A%22-%22%7D%2C%7B%22year%22%3A%22%F0%9F%99%8B%F0%9F%8F%BB%E2%80%8D%E2%99%82%EF%B8%8F%22%2C%22title%22%3A%22Choisir%20et%20animer%20un%20jeu%20lors%20d%E2%80%99un%20plateau%22%2C%22content%22%3A%22-%22%7D%5D\u00a0\u00bb][vc_column_text css=\u00a0\u00bb.vc_custom_1679480783957{margin-bottom: 40px !important;}\u00a0\u00bb]<\/p>\n<h3><strong>LA VIE DU CLUB<\/strong><\/h3>\n<p>[\/vc_column_text][stm_team_history feature=\u00a0\u00bb%5B%7B%22year%22%3A%22%F0%9F%99%8B%F0%9F%8F%BB%E2%80%8D%E2%99%82%EF%B8%8F%22%2C%22title%22%3A%22Participer%20aux%20t%C3%A2ches%20li%C3%A9es%20%C3%A0%20son%20%C3%A9quipe%20%3A%20maillots%2C%20go%C3%BBters%2C%20d%C3%A9placements%22%2C%22content%22%3A%22-%22%7D%2C%7B%22year%22%3A%22%F0%9F%99%8B%F0%9F%8F%BB%E2%80%8D%E2%99%82%EF%B8%8F%22%2C%22title%22%3A%22Etre%20r%C3%A9gulier%20et%20ponctuel%20aux%20entra%C3%AEnements%20et%20aux%20matchs%20%E2%80%93%20Pr%C3%A9venir%20en%20cas%20d%E2%80%99absence%22%2C%22content%22%3A%22-%22%7D%2C%7B%22year%22%3A%22%F0%9F%99%8B%F0%9F%8F%BB%E2%80%8D%E2%99%82%EF%B8%8F%22%2C%22title%22%3A%22Participer%20aux%20animations%20%3A%20f%C3%AAtes%2C%20tombola%2C%20calendrier%2C%20loto&#8230;et%20aussi%20assister%20aux%20rencontres%20d%E2%80%99autres%20%C3%A9quipes%20du%20club%22%2C%22content%22%3A%22-%22%7D%2C%7B%22year%22%3A%22%F0%9F%99%8B%F0%9F%8F%BB%E2%80%8D%E2%99%82%EF%B8%8F%22%2C%22title%22%3A%22Participer%20%C3%A0%20l%E2%80%99assembl%C3%A9e%20g%C3%A9n%C3%A9rale%20du%20club%22%2C%22content%22%3A%22-%22%7D%5D\u00a0\u00bb][\/vc_column][\/vc_row][vc_row full_width=\u00a0\u00bbstretch_row_content_no_spaces\u00a0\u00bb css=\u00a0\u00bb.vc_custom_1461759659379{margin-bottom: 0px !important;}\u00a0\u00bb][vc_column css=\u00a0\u00bb.vc_custom_1461759927650{padding-top: 0px !important;padding-bottom: 0px !important;}\u00a0\u00bb][vc_column_text css=\u00a0\u00bb.vc_custom_1461759701676{margin-bottom: 0px !important;}\u00a0\u00bb][\/vc_column_text][\/vc_column][\/vc_row]<\/p>\n","protected":false},"excerpt":{"rendered":"<p>[vc_row][vc_column offset=\u00a0\u00bbvc_col-lg-8&Prime;][vc_column_text]je Joue, j&rsquo;Arbitre, je Participe. Partie int\u00e9grante de la formation des joueurs, le JAP permet de renforcer les comp\u00e9tences et la compr\u00e9hension des r\u00e8gles.[\/vc_column_text][\/vc_column][vc_column width=\u00a0\u00bb1\/3&Prime; offset=\u00a0\u00bbvc_hidden-md vc_hidden-sm vc_hidden-xs\u00a0\u00bb][vc_single_image image=\u00a0\u00bb1461&Prime; img_size=\u00a0\u00bb\u00a0\u00bb alignment=\u00a0\u00bbcenter\u00a0\u00bb css_animation=\u00a0\u00bbbottom-to-top\u00a0\u00bb css=\u00a0\u00bb.vc_custom_1679478461802{margin-top: -155px !important;}\u00a0\u00bb][\/vc_column][\/vc_row][vc_row full_width=\u00a0\u00bbstretch_row\u00a0\u00bb css=\u00a0\u00bb.vc_custom_1462962554037{margin-bottom: 44px !important;padding-top: 28px !important;padding-bottom: 28px !important;background-color: #f0f0f0 !important;}\u00a0\u00bb][vc_column][vc_column_text css=\u00a0\u00bb.vc_custom_1679478754483{margin-bottom: 0px !important;}\u00a0\u00bb] JE JOUE [\/vc_column_text][vc_single_image image=\u00a0\u00bb1478&Prime; img_size=\u00a0\u00bbfull\u00a0\u00bb alignment=\u00a0\u00bbcenter\u00a0\u00bb&#8230;<\/p>\n","protected":false},"author":1,"featured_media":0,"parent":0,"menu_order":0,"comment_status":"closed","ping_status":"closed","template":"","meta":{"footnotes":""},"class_list":["post-1460","page","type-page","status-publish","hentry"],"_links":{"self":[{"href":"https:\/\/www.jscbasketball.com\/index.php\/wp-json\/wp\/v2\/pages\/1460","targetHints":{"allow":["GET"]}}],"collection":[{"href":"https:\/\/www.jscbasketball.com\/index.php\/wp-json\/wp\/v2\/pages"}],"about":[{"href":"https:\/\/www.jscbasketball.com\/index.php\/wp-json\/wp\/v2\/types\/page"}],"author":[{"embeddable":true,"href":"https:\/\/www.jscbasketball.com\/index.php\/wp-json\/wp\/v2\/users\/1"}],"replies":[{"embeddable":true,"href":"https:\/\/www.jscbasketball.com\/index.php\/wp-json\/wp\/v2\/comments?post=1460"}],"version-history":[{"count":21,"href":"https:\/\/www.jscbasketball.com\/index.php\/wp-json\/wp\/v2\/pages\/1460\/revisions"}],"predecessor-version":[{"id":1567,"href":"https:\/\/www.jscbasketball.com\/index.php\/wp-json\/wp\/v2\/pages\/1460\/revisions\/1567"}],"wp:attachment":[{"href":"https:\/\/www.jscbasketball.com\/index.php\/wp-json\/wp\/v2\/media?parent=1460"}],"curies":[{"name":"wp","href":"https:\/\/api.w.org\/{rel}","templated":true}]}}