{"id":1442,"date":"2023-03-22T10:04:29","date_gmt":"2023-03-22T09:04:29","guid":{"rendered":"http:\/\/www.jscbasketball.com\/?page_id=1442"},"modified":"2025-07-08T10:19:31","modified_gmt":"2025-07-08T08:19:31","slug":"mini-basket-label-national","status":"publish","type":"page","link":"https:\/\/www.jscbasketball.com\/index.php\/mini-basket-label-national\/","title":{"rendered":"LE LABEL NATIONAL"},"content":{"rendered":"<p>[vc_row full_width=\u00a0\u00bbstretch_row\u00a0\u00bb css=\u00a0\u00bb.vc_custom_1465451839647{margin-top: -53px !important;margin-bottom: 0px !important;padding-bottom: 43px !important;background-color: #ffffff !important;}\u00a0\u00bb][vc_column width=\u00a0\u00bb1\/2&Prime; css=\u00a0\u00bb.vc_custom_1462531430496{padding-top: 0px !important;}\u00a0\u00bb][vc_column_text css=\u00a0\u00bb.vc_custom_1751962574335{margin-bottom: 40px !important;}\u00a0\u00bb]<\/p>\n<h3>Mini Basket et Micro Basket : 2 LABELS pour la JSC<\/h3>\n<p>[\/vc_column_text][vc_column_text css=\u00a0\u00bb.vc_custom_1679477497334{margin-bottom: 44px !important;}\u00a0\u00bb]<\/p>\n<ol>\n<li>L&rsquo;Ecole de MiniBasket est un espace d&rsquo;accueil d&rsquo;enfants de moins de 11 ans qui souhaitent pratiquer le BasketBall. Les cat\u00e9gories : Baby (5-6 ans), Mini-poussins (7-8 ans), Poussins (9-10 ans).<\/li>\n<li>L&rsquo;Ecole de MiniBasket dispose, au sein du club, d&rsquo;une organisation administrative, sportive et p\u00e9dagogique.<\/li>\n<li>L&rsquo;Ecole de MiniBasket dispose d&rsquo;\u00e9quipements am\u00e9nag\u00e9s et adapt\u00e9s \u00e0 l&rsquo;enfant.<\/li>\n<li>L&rsquo;Ecole de MiniBasket organise les apprentissages en fonction du niveau de jeu et non des cat\u00e9gories d&rsquo;\u00e2ge. L&rsquo;apprentissage par le jeu est privil\u00e9gi\u00e9.<\/li>\n<li>L&rsquo;Ecole de MiniBasket propose des formes de rencontres et de comp\u00e9titions adapt\u00e9es au niveau de pratique.<\/li>\n<li>Elle doit disposer de moyens permettant son fonctionnement pour accueillir les enfants dans de bonnes conditions.<\/li>\n<\/ol>\n<p>Certains indicateurs apparaissent d&#8217;embl\u00e9e obligatoires puisqu&rsquo;ils engagent un minimum de qualit\u00e9 et surtout la s\u00e9curit\u00e9 des enfants permettant \u00e0 terme de mieux les accueillir et en plus grand nombre[\/vc_column_text][vc_column_text css=\u00a0\u00bb.vc_custom_1679476486433{margin-bottom: 25px !important;}\u00a0\u00bb]<\/p>\n<blockquote><p>Ce Label porte sur la formation des cat\u00e9gories U7 <em>(baby)\u00a0<\/em>\u00e0 U11\u00a0<em>(poussin)<\/em>\u00a0: gar\u00e7ons et filles.<\/p>\n<p>La JSC BASKET l&rsquo;a acquis <strong>en 2010<\/strong>\u00a0et en demande le renouvellement aupr\u00e8s de la FFBB tous les 3 ans.<\/p>\n<p>Merci \u00e0 tous les b\u00e9n\u00e9voles pour leur participation et leur implication dans \u00a0notre \u00e9cole.<\/p><\/blockquote>\n<p>[\/vc_column_text][vc_column_text css=\u00a0\u00bb.vc_custom_1729495909298{margin-bottom: 25px !important;}\u00a0\u00bb]<strong>D\u00e9couvrez le <\/strong><strong>MICRO BASKET<\/strong><\/p>\n<ul>\n<li>Une pratique d\u2019\u00e9veil<\/li>\n<li>Un outil de construction et de d\u00e9veloppement des comp\u00e9tences psychomotrices et relationnelles des plus jeunes<\/li>\n<li>Un temps d\u2019activit\u00e9 pour les petits et de pause pour les adultes, et inversement\u2026<\/li>\n<li>Un programme con\u00e7u par la F\u00e9d\u00e9ration Fran\u00e7aise de BasketBall pour les enfants de 3 \u00e0 5 ans<\/li>\n<li>Une Activit\u00e9 sans comp\u00e9tition inspir\u00e9e du basket et organis\u00e9e autour de jeux, ateliers, exercices, circuits et parcours ludiques<\/li>\n<li>Un apprentissage de communication avec les autres et inculquant l&rsquo;esprit du partage en consid\u00e9rant les autres enfants comme un partenaire.<\/li>\n<\/ul>\n<p>[\/vc_column_text][\/vc_column][vc_column width=\u00a0\u00bb1\/2&Prime;][vc_separator color=\u00a0\u00bbwhite\u00a0\u00bb][vc_separator color=\u00a0\u00bbwhite\u00a0\u00bb][vc_single_image image=\u00a0\u00bb3830&Prime; img_size=\u00a0\u00bbmedium\u00a0\u00bb onclick=\u00a0\u00bblink_image\u00a0\u00bb css_animation=\u00a0\u00bbright-to-left\u00a0\u00bb css=\u00a0\u00bb.vc_custom_1751962338186{margin-top: 48px !important;}\u00a0\u00bb][vc_column_text css=\u00a0\u00bb.vc_custom_1679477150823{margin-bottom: 22px !important;}\u00a0\u00bb]<\/p>\n<h5>LABELLISATION OFFICIELLE<\/h5>\n<p>[\/vc_column_text][vc_column_text css=\u00a0\u00bb.vc_custom_1679477172088{margin-bottom: 25px !important;}\u00a0\u00bb]<\/p>\n<ul>\n<li><b>voir la <a href=\"http:\/\/www.jscbasketball.com\/wp-content\/uploads\/2023\/03\/lettre-labellisation-jscbasket-minibasket-ffbb.png\" target=\"_blank\" rel=\"noopener\">lettre officielle de la FFBB<\/a><\/b><\/li>\n<\/ul>\n<p>[\/vc_column_text][vc_separator color=\u00a0\u00bbwhite\u00a0\u00bb][vc_separator color=\u00a0\u00bbwhite\u00a0\u00bb][vc_separator color=\u00a0\u00bbwhite\u00a0\u00bb][vc_separator color=\u00a0\u00bbwhite\u00a0\u00bb][vc_separator color=\u00a0\u00bbwhite\u00a0\u00bb][vc_single_image image=\u00a0\u00bb2598&Prime; img_size=\u00a0\u00bbmedium\u00a0\u00bb][\/vc_column][\/vc_row]<\/p>\n","protected":false},"excerpt":{"rendered":"<p>[vc_row full_width=\u00a0\u00bbstretch_row\u00a0\u00bb css=\u00a0\u00bb.vc_custom_1465451839647{margin-top: -53px !important;margin-bottom: 0px !important;padding-bottom: 43px !important;background-color: #ffffff !important;}\u00a0\u00bb][vc_column width=\u00a0\u00bb1\/2&Prime; css=\u00a0\u00bb.vc_custom_1462531430496{padding-top: 0px !important;}\u00a0\u00bb][vc_column_text css=\u00a0\u00bb.vc_custom_1751962574335{margin-bottom: 40px !important;}\u00a0\u00bb] Mini Basket et Micro Basket : 2 LABELS pour la JSC [\/vc_column_text][vc_column_text css=\u00a0\u00bb.vc_custom_1679477497334{margin-bottom: 44px !important;}\u00a0\u00bb] L&rsquo;Ecole de MiniBasket est un espace d&rsquo;accueil d&rsquo;enfants de moins de 11 ans qui souhaitent pratiquer le BasketBall. Les cat\u00e9gories : Baby&#8230;<\/p>\n","protected":false},"author":1,"featured_media":0,"parent":0,"menu_order":0,"comment_status":"closed","ping_status":"closed","template":"","meta":{"footnotes":""},"class_list":["post-1442","page","type-page","status-publish","hentry"],"_links":{"self":[{"href":"https:\/\/www.jscbasketball.com\/index.php\/wp-json\/wp\/v2\/pages\/1442","targetHints":{"allow":["GET"]}}],"collection":[{"href":"https:\/\/www.jscbasketball.com\/index.php\/wp-json\/wp\/v2\/pages"}],"about":[{"href":"https:\/\/www.jscbasketball.com\/index.php\/wp-json\/wp\/v2\/types\/page"}],"author":[{"embeddable":true,"href":"https:\/\/www.jscbasketball.com\/index.php\/wp-json\/wp\/v2\/users\/1"}],"replies":[{"embeddable":true,"href":"https:\/\/www.jscbasketball.com\/index.php\/wp-json\/wp\/v2\/comments?post=1442"}],"version-history":[{"count":21,"href":"https:\/\/www.jscbasketball.com\/index.php\/wp-json\/wp\/v2\/pages\/1442\/revisions"}],"predecessor-version":[{"id":3862,"href":"https:\/\/www.jscbasketball.com\/index.php\/wp-json\/wp\/v2\/pages\/1442\/revisions\/3862"}],"wp:attachment":[{"href":"https:\/\/www.jscbasketball.com\/index.php\/wp-json\/wp\/v2\/media?parent=1442"}],"curies":[{"name":"wp","href":"https:\/\/api.w.org\/{rel}","templated":true}]}}