{"id":2136,"date":"2024-09-26T19:32:14","date_gmt":"2024-09-26T17:32:14","guid":{"rendered":"https:\/\/www.jscbasketball.com\/?page_id=2136"},"modified":"2025-10-26T13:11:10","modified_gmt":"2025-10-26T12:11:10","slug":"championnat-departemental","status":"publish","type":"page","link":"http:\/\/www.jscbasketball.com\/index.php\/championnat-departemental\/","title":{"rendered":"CHAMPIONNAT DEPARTEMENTAL"},"content":{"rendered":"<p>[vc_row][vc_column][vc_column_text]<\/p>\n<h3 style=\"text-align: left;\">Suivez nos \u00e9quipes sur Score&rsquo;n&rsquo;co<\/h3>\n<p>[\/vc_column_text][\/vc_column][\/vc_row][vc_row][vc_column width=\u00a0\u00bb1\/4&Prime;][vc_single_image image=\u00a0\u00bb4150&Prime; img_size=\u00a0\u00bbmedium\u00a0\u00bb onclick=\u00a0\u00bbcustom_link\u00a0\u00bb link=\u00a0\u00bbhttp:\/\/www.jscbasketball.com\/wp-content\/uploads\/2025\/10\/SF2.jpg\u00a0\u00bb][\/vc_column][vc_column width=\u00a0\u00bb1\/4&Prime;][vc_column_text]<\/p>\n<h4>Pr\u00e9 R\u00e9gional<\/h4>\n<p>COACH : Ya\u00ebl[\/vc_column_text][\/vc_column][vc_column width=\u00a0\u00bb1\/4&Prime;][vc_single_image image=\u00a0\u00bb4152&Prime; img_size=\u00a0\u00bbmedium\u00a0\u00bb onclick=\u00a0\u00bbcustom_link\u00a0\u00bb link=\u00a0\u00bbhttp:\/\/www.jscbasketball.com\/wp-content\/uploads\/2025\/10\/SG3.png\u00a0\u00bb][\/vc_column][vc_column width=\u00a0\u00bb1\/4&Prime;][vc_column_text]<\/p>\n<h4>D\u00e9partementale 3<\/h4>\n<p>COACH :[\/vc_column_text][\/vc_column][\/vc_row][vc_row][vc_column width=\u00a0\u00bb1\/2&Prime;][vc_column_text]<iframe loading=\"lazy\" style=\"height: 500px; width: 100%; border: 0; border-width: 0;\" src=\"https:\/\/widgets.scorenco.com\/team\/81919\" width=\"100%\" height=\"500\" frameborder=\"0\">JSCugnaux Basket<\/iframe>[\/vc_column_text][\/vc_column][vc_column width=\u00a0\u00bb1\/2&Prime;][vc_column_text]<iframe loading=\"lazy\" style=\"height: 500px; width: 100%; border: 0; border-width: 0;\" src=\"https:\/\/widgets.scorenco.com\/team\/10530\" width=\"100%\" height=\"500\" frameborder=\"0\">JSCugnaux Basket<\/iframe>[\/vc_column_text][\/vc_column][\/vc_row][vc_row][vc_column][vc_separator][\/vc_column][\/vc_row][vc_row][vc_column width=\u00a0\u00bb1\/4&Prime;][vc_single_image image=\u00a0\u00bb3050&Prime; img_size=\u00a0\u00bbmedium\u00a0\u00bb][\/vc_column][vc_column width=\u00a0\u00bb1\/4&Prime;][vc_column_text]<\/p>\n<h4>U18M2<\/h4>\n<p>COACH :[\/vc_column_text][\/vc_column][vc_column width=\u00a0\u00bb1\/4&Prime;][vc_single_image image=\u00a0\u00bb4158&Prime; img_size=\u00a0\u00bbmedium\u00a0\u00bb onclick=\u00a0\u00bbcustom_link\u00a0\u00bb link=\u00a0\u00bbhttp:\/\/www.jscbasketball.com\/wp-content\/uploads\/2025\/10\/U18F2.jpg\u00a0\u00bb][\/vc_column][vc_column width=\u00a0\u00bb1\/4&Prime;][vc_column_text]<\/p>\n<h4>U18F2<\/h4>\n<p>COACH : Vincent CRISCUOLO[\/vc_column_text][\/vc_column][\/vc_row][vc_row][vc_column width=\u00a0\u00bb1\/2&Prime;][vc_column_text]<iframe loading=\"lazy\" style=\"height: 500px; width: 100%; border: 0; border-width: 0;\" src=\"https:\/\/widgets.scorenco.com\/team\/10522\" width=\"100%\" height=\"500\" frameborder=\"0\">JSCugnaux Basket<\/iframe>[\/vc_column_text][\/vc_column][vc_column width=\u00a0\u00bb1\/2&Prime;][vc_column_text]<iframe loading=\"lazy\" style=\"height: 500px; width: 100%; border: 0; border-width: 0;\" src=\"https:\/\/widgets.scorenco.com\/team\/10788\" width=\"100%\" height=\"500\" frameborder=\"0\">JSCugnaux Basket<\/iframe>[\/vc_column_text][\/vc_column][\/vc_row][vc_row][vc_column][vc_separator][\/vc_column][\/vc_row][vc_row][vc_column width=\u00a0\u00bb1\/4&Prime;][vc_single_image image=\u00a0\u00bb4155&Prime; img_size=\u00a0\u00bbmedium\u00a0\u00bb onclick=\u00a0\u00bbcustom_link\u00a0\u00bb link=\u00a0\u00bbhttp:\/\/www.jscbasketball.com\/wp-content\/uploads\/2025\/10\/U15F.jpg\u00a0\u00bb][\/vc_column][vc_column width=\u00a0\u00bb1\/4&Prime;][vc_column_text]<\/p>\n<h4>U15F<\/h4>\n<p>COACH : Xavier[\/vc_column_text][\/vc_column][vc_column width=\u00a0\u00bb1\/4&Prime;][vc_single_image image=\u00a0\u00bb3008&Prime; img_size=\u00a0\u00bbmedium\u00a0\u00bb][\/vc_column][vc_column width=\u00a0\u00bb1\/4&Prime;][vc_column_text]<\/p>\n<h4>U15M2<\/h4>\n<p>COACH : St\u00e9phane et Ludovic[\/vc_column_text][\/vc_column][\/vc_row][vc_row][vc_column width=\u00a0\u00bb1\/2&Prime;][vc_column_text]<iframe loading=\"lazy\" style=\"height: 500px; width: 100%; border: 0; border-width: 0;\" src=\"https:\/\/widgets.scorenco.com\/team\/10789\" width=\"100%\" height=\"500\" frameborder=\"0\">JSCugnaux Basket<\/iframe>[\/vc_column_text][\/vc_column][vc_column width=\u00a0\u00bb1\/2&Prime;][vc_column_text]<iframe loading=\"lazy\" style=\"height: 500px; width: 100%; border: 0; border-width: 0;\" src=\"https:\/\/widgets.scorenco.com\/team\/10790\" width=\"100%\" height=\"500\" frameborder=\"0\">JSCugnaux Basket<\/iframe>[\/vc_column_text][\/vc_column][\/vc_row][vc_row][vc_column][vc_separator][\/vc_column][\/vc_row][vc_row][vc_column width=\u00a0\u00bb1\/4&Prime;][vc_single_image image=\u00a0\u00bb3390&Prime; img_size=\u00a0\u00bbmedium\u00a0\u00bb][\/vc_column][vc_column width=\u00a0\u00bb1\/4&Prime;][vc_column_text]<\/p>\n<h4>U13F2<\/h4>\n<p>COACH : Ryan GOMIS<\/p>\n<p>Assistantes : Meryl, Eulalie, Kellya[\/vc_column_text][\/vc_column][vc_column width=\u00a0\u00bb1\/4&Prime;][\/vc_column][vc_column width=\u00a0\u00bb1\/4&Prime;][\/vc_column][\/vc_row][vc_row][vc_column width=\u00a0\u00bb1\/2&Prime;][vc_column_text]<iframe loading=\"lazy\" style=\"height: 500px; width: 100%; border: 0; border-width: 0;\" src=\"https:\/\/widgets.scorenco.com\/team\/10528\" width=\"100%\" height=\"500\" frameborder=\"0\">JSCugnaux Basket<\/iframe>[\/vc_column_text][\/vc_column][vc_column width=\u00a0\u00bb1\/2&Prime;][\/vc_column][\/vc_row]<\/p>\n","protected":false},"excerpt":{"rendered":"<p>[vc_row][vc_column][vc_column_text] Suivez nos \u00e9quipes sur Score&rsquo;n&rsquo;co [\/vc_column_text][\/vc_column][\/vc_row][vc_row][vc_column width=\u00a0\u00bb1\/4&Prime;][vc_single_image image=\u00a0\u00bb4150&Prime; img_size=\u00a0\u00bbmedium\u00a0\u00bb onclick=\u00a0\u00bbcustom_link\u00a0\u00bb link=\u00a0\u00bbhttp:\/\/www.jscbasketball.com\/wp-content\/uploads\/2025\/10\/SF2.jpg\u00a0\u00bb][\/vc_column][vc_column width=\u00a0\u00bb1\/4&Prime;][vc_column_text] Pr\u00e9 R\u00e9gional COACH : Ya\u00ebl[\/vc_column_text][\/vc_column][vc_column width=\u00a0\u00bb1\/4&Prime;][vc_single_image image=\u00a0\u00bb4152&Prime; img_size=\u00a0\u00bbmedium\u00a0\u00bb onclick=\u00a0\u00bbcustom_link\u00a0\u00bb link=\u00a0\u00bbhttp:\/\/www.jscbasketball.com\/wp-content\/uploads\/2025\/10\/SG3.png\u00a0\u00bb][\/vc_column][vc_column width=\u00a0\u00bb1\/4&Prime;][vc_column_text] D\u00e9partementale 3 COACH :[\/vc_column_text][\/vc_column][\/vc_row][vc_row][vc_column width=\u00a0\u00bb1\/2&Prime;][vc_column_text]JSCugnaux Basket[\/vc_column_text][\/vc_column][vc_column width=\u00a0\u00bb1\/2&Prime;][vc_column_text]JSCugnaux Basket[\/vc_column_text][\/vc_column][\/vc_row][vc_row][vc_column][vc_separator][\/vc_column][\/vc_row][vc_row][vc_column width=\u00a0\u00bb1\/4&Prime;][vc_single_image image=\u00a0\u00bb3050&Prime; img_size=\u00a0\u00bbmedium\u00a0\u00bb][\/vc_column][vc_column width=\u00a0\u00bb1\/4&Prime;][vc_column_text] U18M2 COACH :[\/vc_column_text][\/vc_column][vc_column width=\u00a0\u00bb1\/4&Prime;][vc_single_image image=\u00a0\u00bb4158&Prime; img_size=\u00a0\u00bbmedium\u00a0\u00bb onclick=\u00a0\u00bbcustom_link\u00a0\u00bb link=\u00a0\u00bbhttp:\/\/www.jscbasketball.com\/wp-content\/uploads\/2025\/10\/U18F2.jpg\u00a0\u00bb][\/vc_column][vc_column width=\u00a0\u00bb1\/4&Prime;][vc_column_text] U18F2 COACH : Vincent CRISCUOLO[\/vc_column_text][\/vc_column][\/vc_row][vc_row][vc_column width=\u00a0\u00bb1\/2&Prime;][vc_column_text]JSCugnaux Basket[\/vc_column_text][\/vc_column][vc_column width=\u00a0\u00bb1\/2&Prime;][vc_column_text]JSCugnaux Basket[\/vc_column_text][\/vc_column][\/vc_row][vc_row][vc_column][vc_separator][\/vc_column][\/vc_row][vc_row][vc_column width=\u00a0\u00bb1\/4&Prime;][vc_single_image&#8230;<\/p>\n","protected":false},"author":2,"featured_media":0,"parent":0,"menu_order":0,"comment_status":"closed","ping_status":"closed","template":"","meta":{"footnotes":""},"class_list":["post-2136","page","type-page","status-publish","hentry"],"_links":{"self":[{"href":"http:\/\/www.jscbasketball.com\/index.php\/wp-json\/wp\/v2\/pages\/2136","targetHints":{"allow":["GET"]}}],"collection":[{"href":"http:\/\/www.jscbasketball.com\/index.php\/wp-json\/wp\/v2\/pages"}],"about":[{"href":"http:\/\/www.jscbasketball.com\/index.php\/wp-json\/wp\/v2\/types\/page"}],"author":[{"embeddable":true,"href":"http:\/\/www.jscbasketball.com\/index.php\/wp-json\/wp\/v2\/users\/2"}],"replies":[{"embeddable":true,"href":"http:\/\/www.jscbasketball.com\/index.php\/wp-json\/wp\/v2\/comments?post=2136"}],"version-history":[{"count":35,"href":"http:\/\/www.jscbasketball.com\/index.php\/wp-json\/wp\/v2\/pages\/2136\/revisions"}],"predecessor-version":[{"id":4189,"href":"http:\/\/www.jscbasketball.com\/index.php\/wp-json\/wp\/v2\/pages\/2136\/revisions\/4189"}],"wp:attachment":[{"href":"http:\/\/www.jscbasketball.com\/index.php\/wp-json\/wp\/v2\/media?parent=2136"}],"curies":[{"name":"wp","href":"https:\/\/api.w.org\/{rel}","templated":true}]}}